{"id":381,"date":"2020-05-06T20:29:22","date_gmt":"2020-05-06T18:29:22","guid":{"rendered":"https:\/\/voile-escalade.com\/vertigoblue\/vela-escalada\/?page_id=381"},"modified":"2023-03-10T21:16:53","modified_gmt":"2023-03-10T20:16:53","slug":"contacto","status":"publish","type":"page","link":"https:\/\/voile-escalade.com\/vertigoblue\/vela-escalada\/contacto\/","title":{"rendered":"Contacto"},"content":{"rendered":"<p>[et_pb_section fb_built=\u00bb1&#8243; fullwidth=\u00bbon\u00bb _builder_version=\u00bb4.3.4&#8243;][et_pb_fullwidth_header title=\u00bbContactar con nosotros\u00bb button_one_text=\u00bbLlamar\u00bb button_one_url=\u00bb#contactsnousecrire\u00bb button_two_text=\u00bbEscribir\u00bb button_two_url=\u00bb#contactsnousecrire\u00bb _builder_version=\u00bb4.3.4&#8243; title_font=\u00bb|700|||||||\u00bb background_enable_color=\u00bboff\u00bb background_image=\u00bbhttps:\/\/voile-escalade.com\/vertigoblue\/vela-escalada\/wp-content\/uploads\/sites\/4\/2020\/05\/vertigoblue-contact.jpg\u00bb][\/et_pb_fullwidth_header][\/et_pb_section][et_pb_section fb_built=\u00bb1&#8243; custom_padding_last_edited=\u00bbon|tablet\u00bb admin_label=\u00bbContactez-nous\u00bb _builder_version=\u00bb4.3.4&#8243; custom_padding=\u00bb59px||29px|||\u00bb custom_padding_tablet=\u00bb60px|||\u00bb custom_padding_phone=\u00bb\u00bb top_divider_height=\u00bb60px\u00bb][et_pb_row column_structure=\u00bb1_2,1_2&#8243; _builder_version=\u00bb3.25&#8243; background_size=\u00bbinitial\u00bb background_position=\u00bbtop_left\u00bb background_repeat=\u00bbrepeat\u00bb][et_pb_column type=\u00bb1_2&#8243; _builder_version=\u00bb3.25&#8243; custom_padding=\u00bb|||\u00bb custom_padding__hover=\u00bb|||\u00bb][et_pb_text admin_label=\u00bbTitre Contact\u00bb _builder_version=\u00bb4.3.4&#8243; text_font=\u00bb||||\u00bb text_text_color=\u00bb#1a1a1a\u00bb header_font=\u00bbOswald|on||on|\u00bb header_text_align=\u00bbleft\u00bb header_font_size=\u00bb44px\u00bb header_line_height=\u00bb1.3em\u00bb background_size=\u00bbinitial\u00bb background_position=\u00bbtop_left\u00bb background_repeat=\u00bbrepeat\u00bb max_width=\u00bb450px\u00bb custom_margin=\u00bb|||\u00bb custom_padding=\u00bb|||\u00bb animation_style=\u00bbslide\u00bb animation_direction=\u00bbtop\u00bb animation_intensity_slide=\u00bb10%\u00bb header_font_size_tablet=\u00bb39px\u00bb header_font_size_phone=\u00bb35px\u00bb header_font_size_last_edited=\u00bbon|phone\u00bb locked=\u00bboff\u00bb]<\/p>\n<h1>\u00a1Contactanos!<\/h1>\n<p>[\/et_pb_text][et_pb_divider color=\u00bb#0c71c3&#8243; divider_position=\u00bbcenter\u00bb divider_weight=\u00bb3px\u00bb disabled_on=\u00bboff|off|off%22&#8243; admin_label=\u00bbS\u00e9parateur\u00bb _builder_version=\u00bb4.3.4&#8243; max_width=\u00bb150px\u00bb height=\u00bbfalse\u00bb custom_margin=\u00bb30px|||\u00bb animation_style=\u00bbslide\u00bb animation_direction=\u00bbtop\u00bb animation_delay=\u00bb100ms\u00bb animation_intensity_slide=\u00bb10%\u00bb locked=\u00bboff\u00bb][\/et_pb_divider][et_pb_text admin_label=\u00bbSous-titre contact\u00bb _builder_version=\u00bb4.3.4&#8243; text_font=\u00bbRoboto||||\u00bb text_text_color=\u00bb#1a1a1a\u00bb text_font_size=\u00bb24px\u00bb text_line_height=\u00bb1.4em\u00bb background_size=\u00bbinitial\u00bb background_position=\u00bbtop_left\u00bb background_repeat=\u00bbrepeat\u00bb max_width=\u00bb450px\u00bb custom_padding=\u00bb30px|||\u00bb animation_style=\u00bbslide\u00bb animation_direction=\u00bbtop\u00bb animation_delay=\u00bb200ms\u00bb animation_intensity_slide=\u00bb10%\u00bb locked=\u00bboff\u00bb]<\/p>\n<p>Escr\u00edbanos para cualquier reserva o solicitud de informaci\u00f3n!<\/p>\n<p>[\/et_pb_text][et_pb_text admin_label=\u00bbTexte Contact \u00bb _builder_version=\u00bb4.3.4&#8243; text_font=\u00bbRoboto|300|||||||\u00bb text_font_size=\u00bb16px\u00bb text_line_height=\u00bb1.9em\u00bb background_size=\u00bbinitial\u00bb background_position=\u00bbtop_left\u00bb background_repeat=\u00bbrepeat\u00bb max_width=\u00bb450px\u00bb custom_margin=\u00bb60|||\u00bb custom_padding=\u00bb||60px|\u00bb animation_style=\u00bbslide\u00bb animation_direction=\u00bbtop\u00bb animation_delay=\u00bb400ms\u00bb animation_intensity_slide=\u00bb4%\u00bb locked=\u00bboff\u00bb]<\/p>\n<p>Tanto si desea participar en un curso programado como organizar su propia estancia personalizada con nosotros, estamos a su disposici\u00f3n para responder a todas sus preguntas.<\/p>\n<p>[\/et_pb_text][\/et_pb_column][et_pb_column type=\u00bb1_2&#8243; _builder_version=\u00bb3.25&#8243; custom_padding=\u00bb|||\u00bb custom_padding__hover=\u00bb|||\u00bb][et_pb_contact_form email=\u00bbcontact@vertigoblue.fr\u00bb success_message=\u00bbGracias por tu mensaje. Hacemos todo lo posible para contestar r\u00e1pidamente!\u00bb submit_button_text=\u00bbENVIAR\u00bb module_id=\u00bbet_pb_contact_form_0&#8243; _builder_version=\u00bb4.3.4&#8243; form_field_background_color=\u00bb#ffffff\u00bb form_field_font=\u00bbRoboto|on|||\u00bb form_field_font_size=\u00bb16px\u00bb button_icon=\u00bb%%3%%\u00bb button_icon_color=\u00bb#1a1a1a\u00bb custom_margin=\u00bb12px|||\u00bb animation_style=\u00bbfold\u00bb animation_direction=\u00bbright\u00bb animation_intensity_fold=\u00bb20%\u00bb hover_enabled=\u00bb0&#8243; border_width_all=\u00bb1px\u00bb border_color_all=\u00bbrgba(0,0,0,0.12)\u00bb border_style_all=\u00bbsolid\u00bb use_border_color=\u00bbon\u00bb border_color=\u00bbrgba(0,0,0,0.12)\u00bb form_background_color=\u00bb#ffffff\u00bb locked=\u00bboff\u00bb button_text_color_hover=\u00bb#1a1a1a\u00bb button_bg_color_hover=\u00bbrgba(255,255,255,0)\u00bb button_border_color_hover=\u00bb#1a1a1a\u00bb button_border_radius_hover=\u00bb0px\u00bb button_letter_spacing_hover=\u00bb4px\u00bb use_spam_service=\u00bbon\u00bb recaptcha_list=\u00bbVertigoblue|Vertigoblue-0&#8243;][et_pb_contact_field field_id=\u00bbName\u00bb field_title=\u00bbNombre\u00bb fullwidth_field=\u00bbon\u00bb _builder_version=\u00bb4.3.4&#8243; button_text_size__hover_enabled=\u00bboff\u00bb button_one_text_size__hover_enabled=\u00bboff\u00bb button_two_text_size__hover_enabled=\u00bboff\u00bb button_text_color__hover_enabled=\u00bboff\u00bb button_one_text_color__hover_enabled=\u00bboff\u00bb button_two_text_color__hover_enabled=\u00bboff\u00bb button_border_width__hover_enabled=\u00bboff\u00bb button_one_border_width__hover_enabled=\u00bboff\u00bb button_two_border_width__hover_enabled=\u00bboff\u00bb button_border_color__hover_enabled=\u00bboff\u00bb button_one_border_color__hover_enabled=\u00bboff\u00bb button_two_border_color__hover_enabled=\u00bboff\u00bb button_border_radius__hover_enabled=\u00bboff\u00bb button_one_border_radius__hover_enabled=\u00bboff\u00bb button_two_border_radius__hover_enabled=\u00bboff\u00bb button_letter_spacing__hover_enabled=\u00bboff\u00bb button_one_letter_spacing__hover_enabled=\u00bboff\u00bb button_two_letter_spacing__hover_enabled=\u00bboff\u00bb button_bg_color__hover_enabled=\u00bboff\u00bb button_one_bg_color__hover_enabled=\u00bboff\u00bb button_two_bg_color__hover_enabled=\u00bboff\u00bb][\/et_pb_contact_field][et_pb_contact_field field_id=\u00bbEmail\u00bb field_title=\u00bbEmail\u00bb field_type=\u00bbemail\u00bb fullwidth_field=\u00bbon\u00bb _builder_version=\u00bb4.3.4&#8243; button_text_size__hover_enabled=\u00bboff\u00bb button_one_text_size__hover_enabled=\u00bboff\u00bb button_two_text_size__hover_enabled=\u00bboff\u00bb button_text_color__hover_enabled=\u00bboff\u00bb button_one_text_color__hover_enabled=\u00bboff\u00bb button_two_text_color__hover_enabled=\u00bboff\u00bb button_border_width__hover_enabled=\u00bboff\u00bb button_one_border_width__hover_enabled=\u00bboff\u00bb button_two_border_width__hover_enabled=\u00bboff\u00bb button_border_color__hover_enabled=\u00bboff\u00bb button_one_border_color__hover_enabled=\u00bboff\u00bb button_two_border_color__hover_enabled=\u00bboff\u00bb button_border_radius__hover_enabled=\u00bboff\u00bb button_one_border_radius__hover_enabled=\u00bboff\u00bb button_two_border_radius__hover_enabled=\u00bboff\u00bb button_letter_spacing__hover_enabled=\u00bboff\u00bb button_one_letter_spacing__hover_enabled=\u00bboff\u00bb button_two_letter_spacing__hover_enabled=\u00bboff\u00bb button_bg_color__hover_enabled=\u00bboff\u00bb button_one_bg_color__hover_enabled=\u00bboff\u00bb button_two_bg_color__hover_enabled=\u00bboff\u00bb][\/et_pb_contact_field][et_pb_contact_field field_id=\u00bbPhone\u00bb field_title=\u00bbTel\u00e9fono\u00bb allowed_symbols=\u00bbnumbers\u00bb required_mark=\u00bboff\u00bb fullwidth_field=\u00bbon\u00bb _builder_version=\u00bb4.3.4&#8243; button_text_size__hover_enabled=\u00bboff\u00bb button_one_text_size__hover_enabled=\u00bboff\u00bb button_two_text_size__hover_enabled=\u00bboff\u00bb button_text_color__hover_enabled=\u00bboff\u00bb button_one_text_color__hover_enabled=\u00bboff\u00bb button_two_text_color__hover_enabled=\u00bboff\u00bb button_border_width__hover_enabled=\u00bboff\u00bb button_one_border_width__hover_enabled=\u00bboff\u00bb button_two_border_width__hover_enabled=\u00bboff\u00bb button_border_color__hover_enabled=\u00bboff\u00bb button_one_border_color__hover_enabled=\u00bboff\u00bb button_two_border_color__hover_enabled=\u00bboff\u00bb button_border_radius__hover_enabled=\u00bboff\u00bb button_one_border_radius__hover_enabled=\u00bboff\u00bb button_two_border_radius__hover_enabled=\u00bboff\u00bb button_letter_spacing__hover_enabled=\u00bboff\u00bb button_one_letter_spacing__hover_enabled=\u00bboff\u00bb button_two_letter_spacing__hover_enabled=\u00bboff\u00bb button_bg_color__hover_enabled=\u00bboff\u00bb button_one_bg_color__hover_enabled=\u00bboff\u00bb button_two_bg_color__hover_enabled=\u00bboff\u00bb][\/et_pb_contact_field][et_pb_contact_field field_id=\u00bbMessage\u00bb field_title=\u00bbExpl\u00edquenos su proyecto de viaje: per\u00edodo, destino, n\u00famero de participantes, duraci\u00f3n, presupuesto, actividades preferidas&#8230; \u00bb field_type=\u00bbtext\u00bb fullwidth_field=\u00bbon\u00bb _builder_version=\u00bb4.3.4&#8243; button_text_size__hover_enabled=\u00bboff\u00bb button_one_text_size__hover_enabled=\u00bboff\u00bb button_two_text_size__hover_enabled=\u00bboff\u00bb button_text_color__hover_enabled=\u00bboff\u00bb button_one_text_color__hover_enabled=\u00bboff\u00bb button_two_text_color__hover_enabled=\u00bboff\u00bb button_border_width__hover_enabled=\u00bboff\u00bb button_one_border_width__hover_enabled=\u00bboff\u00bb button_two_border_width__hover_enabled=\u00bboff\u00bb button_border_color__hover_enabled=\u00bboff\u00bb button_one_border_color__hover_enabled=\u00bboff\u00bb button_two_border_color__hover_enabled=\u00bboff\u00bb button_border_radius__hover_enabled=\u00bboff\u00bb button_one_border_radius__hover_enabled=\u00bboff\u00bb button_two_border_radius__hover_enabled=\u00bboff\u00bb button_letter_spacing__hover_enabled=\u00bboff\u00bb button_one_letter_spacing__hover_enabled=\u00bboff\u00bb button_two_letter_spacing__hover_enabled=\u00bboff\u00bb button_bg_color__hover_enabled=\u00bboff\u00bb button_one_bg_color__hover_enabled=\u00bboff\u00bb button_two_bg_color__hover_enabled=\u00bboff\u00bb][\/et_pb_contact_field][\/et_pb_contact_form][et_pb_social_media_follow _builder_version=\u00bb4.3.4&#8243; text_orientation=\u00bbcenter\u00bb][et_pb_social_media_follow_network social_network=\u00bbfacebook\u00bb url=\u00bbhttps:\/\/www.facebook.com\/vertigoblueproject\/\u00bb _builder_version=\u00bb4.3.4&#8243; background_color=\u00bb#3b5998&#8243; follow_button=\u00bboff\u00bb url_new_window=\u00bbon\u00bb]facebook[\/et_pb_social_media_follow_network][et_pb_social_media_follow_network social_network=\u00bbinstagram\u00bb url=\u00bbhttps:\/\/instagram.com\/vertigoblue.project\u00bb _builder_version=\u00bb4.3.4&#8243; background_color=\u00bb#ea2c59&#8243; follow_button=\u00bboff\u00bb url_new_window=\u00bbon\u00bb]instagram[\/et_pb_social_media_follow_network][et_pb_social_media_follow_network social_network=\u00bbyoutube\u00bb url=\u00bbhttps:\/\/www.youtube.com\/channel\/UCBBuSzbGhNtEDUGPFMJKEVQ\/\u00bb _builder_version=\u00bb4.3.4&#8243; background_color=\u00bb#a82400&#8243; follow_button=\u00bboff\u00bb url_new_window=\u00bbon\u00bb]youtube[\/et_pb_social_media_follow_network][\/et_pb_social_media_follow][et_pb_signup provider=\u00bbsendinblue\u00bb sendinblue_list=\u00bbsendinvertigoblue|2&#8243; first_name_field=\u00bboff\u00bb last_name_field=\u00bboff\u00bb success_message=\u00bbE-mail enregistr\u00e9!\u00bb title=\u00bbSuscr\u00edbete a nuestra mailing list !\u00bb button_text=\u00bbSuscribirse\u00bb module_id=\u00bbaccueilmailinglist\u00bb _builder_version=\u00bb4.3.4&#8243; header_text_color=\u00bb#000000&#8243; body_text_color=\u00bb#000000&#8243; result_message_text_color=\u00bb#000000&#8243; background_color=\u00bbrgba(0,0,0,0)\u00bb custom_button=\u00bbon\u00bb button_text_color=\u00bb#000000&#8243; background_layout=\u00bblight\u00bb module_alignment=\u00bbcenter\u00bb hover_enabled=\u00bb0&#8243; border_color_all=\u00bb#000000&#8243; border_width_all_fields=\u00bb1px\u00bb border_color_all_fields=\u00bb#000000&#8243; use_spam_service=\u00bbon\u00bb recaptcha_list=\u00bbVertigoblue|Vertigoblue-0&#8243;][\/et_pb_signup][\/et_pb_column][\/et_pb_row][\/et_pb_section][et_pb_section fb_built=\u00bb1&#8243; admin_label=\u00bbContact Info\u00bb _builder_version=\u00bb3.22&#8243; custom_padding=\u00bb4px||110px|||\u00bb top_divider_height=\u00bb60px\u00bb locked=\u00bboff\u00bb][et_pb_row column_structure=\u00bb1_2,1_2&#8243; admin_label=\u00bbCoordonn\u00e9es\u00bb module_id=\u00bbcontactsnousecrire\u00bb _builder_version=\u00bb4.3.4&#8243; custom_padding=\u00bb15px|||||\u00bb locked=\u00bboff\u00bb][et_pb_column type=\u00bb1_2&#8243; _builder_version=\u00bb3.25&#8243; custom_padding=\u00bb|||\u00bb custom_padding__hover=\u00bb|||\u00bb][et_pb_blurb title=\u00bbTel\u00e9fono\u00bb use_icon=\u00bbon\u00bb font_icon=\u00bb%%264%%\u00bb icon_color=\u00bb#0c71c3&#8243; use_circle=\u00bbon\u00bb circle_color=\u00bbrgba(0,0,0,0)\u00bb use_circle_border=\u00bbon\u00bb circle_border_color=\u00bb#0c71c3&#8243; use_icon_font_size=\u00bbon\u00bb icon_font_size=\u00bb36px\u00bb admin_label=\u00bbT\u00e9l\u00e9phones\u00bb _builder_version=\u00bb4.3.4&#8243; header_font=\u00bbOswald|on||on|\u00bb header_text_color=\u00bb#1a1a1a\u00bb header_font_size=\u00bb24px\u00bb header_line_height=\u00bb1.9em\u00bb body_font=\u00bbRoboto||||\u00bb body_text_color=\u00bb#0c71c3&#8243; body_font_size=\u00bb16px\u00bb body_line_height=\u00bb1.8em\u00bb background_color=\u00bb#f4f4f4&#8243; background_size=\u00bbinitial\u00bb background_position=\u00bbtop_left\u00bb background_repeat=\u00bbrepeat\u00bb text_orientation=\u00bbcenter\u00bb custom_padding=\u00bb38px||4px|||\u00bb]<\/p>\n<p style=\"text-align: center;\"><a href=\"tel:+33622476678\"><strong>Sarah :\u00a0 <\/strong><span style=\"font-size: 16px;\"><strong>+33 622 476 678<br \/>Andrea : <\/strong><\/span><\/a><a href=\"tel:+337 83 64 11 52\">\u00a0 <span style=\"font-size: 16px;\"><strong>+33 783 641 152<\/strong><br \/><\/span><\/a><\/p>\n<p>&nbsp;<\/p>\n<p>[\/et_pb_blurb][\/et_pb_column][et_pb_column type=\u00bb1_2&#8243; _builder_version=\u00bb3.25&#8243; custom_padding=\u00bb|||\u00bb custom_padding__hover=\u00bb|||\u00bb][et_pb_blurb title=\u00bbE-mail\u00bb use_icon=\u00bbon\u00bb font_icon=\u00bb%%248%%\u00bb icon_color=\u00bb#0c71c3&#8243; use_circle=\u00bbon\u00bb circle_color=\u00bbrgba(255,255,255,0)\u00bb use_circle_border=\u00bbon\u00bb circle_border_color=\u00bb#0c71c3&#8243; use_icon_font_size=\u00bbon\u00bb icon_font_size=\u00bb36px\u00bb _builder_version=\u00bb4.3.4&#8243; header_font=\u00bbOswald|on||on|\u00bb header_text_color=\u00bb#1a1a1a\u00bb header_font_size=\u00bb24px\u00bb header_line_height=\u00bb1.9em\u00bb body_font=\u00bbRoboto||||\u00bb body_font_size=\u00bb16px\u00bb body_line_height=\u00bb1.8em\u00bb background_color=\u00bb#f4f4f4&#8243; background_size=\u00bbinitial\u00bb background_position=\u00bbtop_left\u00bb background_repeat=\u00bbrepeat\u00bb text_orientation=\u00bbcenter\u00bb custom_padding=\u00bb39px||76px|||\u00bb animation_style=\u00bbfold\u00bb animation_direction=\u00bbleft\u00bb animation_intensity_fold=\u00bb41%\u00bb]<\/p>\n<p><a href=\"mailto:contact@vertigoblue.fr\"><strong>contact@vertigoblue.fr<\/strong><\/a><\/p>\n<p>[\/et_pb_blurb][\/et_pb_column][\/et_pb_row][\/et_pb_section]<\/p>\n","protected":false},"excerpt":{"rendered":"<p>\u00a1Contactanos!Escr\u00edbanos para cualquier reserva o solicitud de informaci\u00f3n!Tanto si desea participar en un curso programado como organizar su propia estancia personalizada con nosotros, estamos a su disposici\u00f3n para responder a todas sus preguntas.Sarah :\u00a0 +33 622 476 678Andrea : \u00a0 +33 783 641 152 &nbsp;contact@vertigoblue.fr<\/p>\n","protected":false},"author":2,"featured_media":0,"parent":0,"menu_order":0,"comment_status":"closed","ping_status":"closed","template":"","meta":{"_et_pb_use_builder":"on","_et_pb_old_content":"","_et_gb_content_width":""},"yoast_head":"<!-- This site is optimized with the Yoast SEO plugin v20.2.1 - https:\/\/yoast.com\/wordpress\/plugins\/seo\/ -->\n<title>Contacto - Vela y escalada en Mediterraneo<\/title>\n<meta name=\"robots\" content=\"index, follow, max-snippet:-1, max-image-preview:large, max-video-preview:-1\" \/>\n<link rel=\"canonical\" href=\"https:\/\/voile-escalade.com\/vertigoblue\/vela-escalada\/contacto\/\" \/>\n<meta property=\"og:locale\" content=\"es_ES\" \/>\n<meta property=\"og:type\" content=\"article\" \/>\n<meta property=\"og:title\" content=\"Contacto - Vela y escalada en Mediterraneo\" \/>\n<meta property=\"og:description\" content=\"\u00a1Contactanos!Escr\u00edbanos para cualquier reserva o solicitud de informaci\u00f3n!Tanto si desea participar en un curso programado como organizar su propia estancia personalizada con nosotros, estamos a su disposici\u00f3n para responder a todas sus preguntas.Sarah :\u00a0 +33 622 476 678Andrea : \u00a0 +33 783 641 152 &nbsp;contact@vertigoblue.fr\" \/>\n<meta property=\"og:url\" content=\"https:\/\/voile-escalade.com\/vertigoblue\/vela-escalada\/contacto\/\" \/>\n<meta property=\"og:site_name\" content=\"Vela y escalada en Mediterraneo\" \/>\n<meta property=\"article:modified_time\" content=\"2023-03-10T20:16:53+00:00\" \/>\n<meta name=\"twitter:card\" content=\"summary_large_image\" \/>\n<meta name=\"twitter:label1\" content=\"Tiempo de lectura\" \/>\n\t<meta name=\"twitter:data1\" content=\"9 minutos\" \/>\n<script type=\"application\/ld+json\" class=\"yoast-schema-graph\">{\"@context\":\"https:\/\/schema.org\",\"@graph\":[{\"@type\":\"WebPage\",\"@id\":\"https:\/\/voile-escalade.com\/vertigoblue\/vela-escalada\/contacto\/\",\"url\":\"https:\/\/voile-escalade.com\/vertigoblue\/vela-escalada\/contacto\/\",\"name\":\"Contacto - Vela y escalada en Mediterraneo\",\"isPartOf\":{\"@id\":\"https:\/\/voile-escalade.com\/vertigoblue\/vela-escalada\/#website\"},\"datePublished\":\"2020-05-06T18:29:22+00:00\",\"dateModified\":\"2023-03-10T20:16:53+00:00\",\"breadcrumb\":{\"@id\":\"https:\/\/voile-escalade.com\/vertigoblue\/vela-escalada\/contacto\/#breadcrumb\"},\"inLanguage\":\"es\",\"potentialAction\":[{\"@type\":\"ReadAction\",\"target\":[\"https:\/\/voile-escalade.com\/vertigoblue\/vela-escalada\/contacto\/\"]}]},{\"@type\":\"BreadcrumbList\",\"@id\":\"https:\/\/voile-escalade.com\/vertigoblue\/vela-escalada\/contacto\/#breadcrumb\",\"itemListElement\":[{\"@type\":\"ListItem\",\"position\":1,\"name\":\"Accueil\",\"item\":\"https:\/\/voile-escalade.com\/vertigoblue\/vela-escalada\/\"},{\"@type\":\"ListItem\",\"position\":2,\"name\":\"Contacto\"}]},{\"@type\":\"WebSite\",\"@id\":\"https:\/\/voile-escalade.com\/vertigoblue\/vela-escalada\/#website\",\"url\":\"https:\/\/voile-escalade.com\/vertigoblue\/vela-escalada\/\",\"name\":\"Vela y escalada en Mediterraneo\",\"description\":\"Viajes deportivos vela y escalada\",\"potentialAction\":[{\"@type\":\"SearchAction\",\"target\":{\"@type\":\"EntryPoint\",\"urlTemplate\":\"https:\/\/voile-escalade.com\/vertigoblue\/vela-escalada\/?s={search_term_string}\"},\"query-input\":\"required name=search_term_string\"}],\"inLanguage\":\"es\"}]}<\/script>\n<!-- \/ Yoast SEO plugin. -->","yoast_head_json":{"title":"Contacto - Vela y escalada en Mediterraneo","robots":{"index":"index","follow":"follow","max-snippet":"max-snippet:-1","max-image-preview":"max-image-preview:large","max-video-preview":"max-video-preview:-1"},"canonical":"https:\/\/voile-escalade.com\/vertigoblue\/vela-escalada\/contacto\/","og_locale":"es_ES","og_type":"article","og_title":"Contacto - Vela y escalada en Mediterraneo","og_description":"\u00a1Contactanos!Escr\u00edbanos para cualquier reserva o solicitud de informaci\u00f3n!Tanto si desea participar en un curso programado como organizar su propia estancia personalizada con nosotros, estamos a su disposici\u00f3n para responder a todas sus preguntas.Sarah :\u00a0 +33 622 476 678Andrea : \u00a0 +33 783 641 152 &nbsp;contact@vertigoblue.fr","og_url":"https:\/\/voile-escalade.com\/vertigoblue\/vela-escalada\/contacto\/","og_site_name":"Vela y escalada en Mediterraneo","article_modified_time":"2023-03-10T20:16:53+00:00","twitter_card":"summary_large_image","twitter_misc":{"Tiempo de lectura":"9 minutos"},"schema":{"@context":"https:\/\/schema.org","@graph":[{"@type":"WebPage","@id":"https:\/\/voile-escalade.com\/vertigoblue\/vela-escalada\/contacto\/","url":"https:\/\/voile-escalade.com\/vertigoblue\/vela-escalada\/contacto\/","name":"Contacto - Vela y escalada en Mediterraneo","isPartOf":{"@id":"https:\/\/voile-escalade.com\/vertigoblue\/vela-escalada\/#website"},"datePublished":"2020-05-06T18:29:22+00:00","dateModified":"2023-03-10T20:16:53+00:00","breadcrumb":{"@id":"https:\/\/voile-escalade.com\/vertigoblue\/vela-escalada\/contacto\/#breadcrumb"},"inLanguage":"es","potentialAction":[{"@type":"ReadAction","target":["https:\/\/voile-escalade.com\/vertigoblue\/vela-escalada\/contacto\/"]}]},{"@type":"BreadcrumbList","@id":"https:\/\/voile-escalade.com\/vertigoblue\/vela-escalada\/contacto\/#breadcrumb","itemListElement":[{"@type":"ListItem","position":1,"name":"Accueil","item":"https:\/\/voile-escalade.com\/vertigoblue\/vela-escalada\/"},{"@type":"ListItem","position":2,"name":"Contacto"}]},{"@type":"WebSite","@id":"https:\/\/voile-escalade.com\/vertigoblue\/vela-escalada\/#website","url":"https:\/\/voile-escalade.com\/vertigoblue\/vela-escalada\/","name":"Vela y escalada en Mediterraneo","description":"Viajes deportivos vela y escalada","potentialAction":[{"@type":"SearchAction","target":{"@type":"EntryPoint","urlTemplate":"https:\/\/voile-escalade.com\/vertigoblue\/vela-escalada\/?s={search_term_string}"},"query-input":"required name=search_term_string"}],"inLanguage":"es"}]}},"_links":{"self":[{"href":"https:\/\/voile-escalade.com\/vertigoblue\/vela-escalada\/wp-json\/wp\/v2\/pages\/381"}],"collection":[{"href":"https:\/\/voile-escalade.com\/vertigoblue\/vela-escalada\/wp-json\/wp\/v2\/pages"}],"about":[{"href":"https:\/\/voile-escalade.com\/vertigoblue\/vela-escalada\/wp-json\/wp\/v2\/types\/page"}],"author":[{"embeddable":true,"href":"https:\/\/voile-escalade.com\/vertigoblue\/vela-escalada\/wp-json\/wp\/v2\/users\/2"}],"replies":[{"embeddable":true,"href":"https:\/\/voile-escalade.com\/vertigoblue\/vela-escalada\/wp-json\/wp\/v2\/comments?post=381"}],"version-history":[{"count":23,"href":"https:\/\/voile-escalade.com\/vertigoblue\/vela-escalada\/wp-json\/wp\/v2\/pages\/381\/revisions"}],"predecessor-version":[{"id":1614,"href":"https:\/\/voile-escalade.com\/vertigoblue\/vela-escalada\/wp-json\/wp\/v2\/pages\/381\/revisions\/1614"}],"wp:attachment":[{"href":"https:\/\/voile-escalade.com\/vertigoblue\/vela-escalada\/wp-json\/wp\/v2\/media?parent=381"}],"curies":[{"name":"wp","href":"https:\/\/api.w.org\/{rel}","templated":true}]}}