{"id":432,"date":"2020-05-08T17:50:33","date_gmt":"2020-05-08T15:50:33","guid":{"rendered":"https:\/\/voile-escalade.com\/vertigoblue\/vela-arrampicata\/?page_id=432"},"modified":"2020-05-08T18:12:20","modified_gmt":"2020-05-08T16:12:20","slug":"note-legali","status":"publish","type":"page","link":"https:\/\/voile-escalade.com\/vertigoblue\/vela-arrampicata\/note-legali\/","title":{"rendered":"Note Legali"},"content":{"rendered":"<p>[et_pb_section fb_built=&#8221;1&#8243; fullwidth=&#8221;on&#8221; _builder_version=&#8221;4.3.4&#8243;][et_pb_fullwidth_header title=&#8221;NOTE LEGALI&#8221; _builder_version=&#8221;4.3.4&#8243; background_enable_color=&#8221;off&#8221; background_image=&#8221;https:\/\/voile-escalade.com\/vertigoblue\/vela-arrampicata\/wp-content\/uploads\/sites\/3\/2020\/05\/mention-legales-vertigoblue.jpg&#8221; background_size=&#8221;initial&#8221; custom_padding=&#8221;127px||175px|||&#8221; hover_enabled=&#8221;0&#8243;][\/et_pb_fullwidth_header][\/et_pb_section][et_pb_section fb_built=&#8221;1&#8243; _builder_version=&#8221;4.3.4&#8243;][et_pb_row _builder_version=&#8221;4.3.4&#8243;][et_pb_column type=&#8221;4_4&#8243; _builder_version=&#8221;4.3.4&#8243;][et_pb_text _builder_version=&#8221;4.3.4&#8243; text_font=&#8221;Roboto|300|||||||&#8221; hover_enabled=&#8221;0&#8243;]<\/p>\n<p>NOTE LEGALI<\/p>\n<p>Vertigo Blue &#8211; Vela e arrampicata nel Mediterraneo<\/p>\n<p>PREAMBOLO<\/p>\n<p>Lo scopo del presente documento \u00e8 quello di definire i termini e le condizioni in base alle quali, da un lato, Vertigo Blue, di seguito denominato il PUBBLICATORE, mette a disposizione dei suoi utenti il sito e i servizi disponibili sul sito e, dall&#8217;altro, le modalit\u00e0 con cui l&#8217;utente accede al sito e utilizza i suoi servizi. Qualsiasi collegamento al sito \u00e8 soggetto al rispetto di queste condizioni. Per l&#8217;utente, il semplice accesso al sito del PUBLISHER al seguente indirizzo URL https:\/\/vertigoblue.fr, https\/\/\/voile-escalade.com e\/o alias implica l&#8217;accettazione di tutte le condizioni di seguito descritte.<\/p>\n<p>PUBBLICITARIO<\/p>\n<p>Il sito vertigoblue.fr e voile-escalade.com \u00e8 pubblicato da :<\/p>\n<p>Sarah Marquina e Andrea Zecca<br \/>Scala 8, Residence Le Muscat, Rue Michel Clerc,<br \/>34110 La Peyrade-Frontignan, France<\/p>\n<p>Tel : +33 (0)6 22 47 47 66 78<br \/>Email : contact[arobas]vertigoblue.fr<\/p>\n<p>Vertigo Blue \u00e8 un&#8217;azienda in fase di creazione. Le informazioni legali che lo riguardano saranno disponibili non appena la societ\u00e0 sar\u00e0 operativa.<\/p>\n<p>Responsabile del sito: Sarah Marquina e Andrea Zecca<br \/>Indirizzo e-mail di contatto: contact[arobas]vertigoblue.fr<\/p>\n<p>INTEGRATORI DEL SITO :<\/p>\n<p>&#8211; MediaPluriel<br \/>BP 30 002 &#8211; 5 Isaac Newton Street<br \/>34111 Frontignan<br \/>www.mediapluriel.com<\/p>\n<p>HOSTING DEL SITO :<\/p>\n<p>Hosting : InfoWeb &#8211; su server situati in Francia (Montpellier o Clermont-Ferrand)<\/p>\n<p>CREDITI \/ DIRITTI D&#8217;AUTORE \/ CESSIONARI<\/p>\n<p>Propriet\u00e0 intellettuale.<br \/>La struttura generale del sito, cos\u00ec come i testi, la grafica, le immagini, i suoni e i video che lo compongono, sono di propriet\u00e0 dell&#8217;editore, dei detentori dei diritti dei contenuti o del Designer\/Integratore. Qualsiasi rappresentazione e\/o riproduzione e\/o sfruttamento parziale o totale dei contenuti e dei servizi offerti dal sito vertigoblue.fr e voile-escalade.com, con qualsiasi procedimento, senza la previa autorizzazione scritta del proprietario del sito, del creatore del sito o dell&#8217;autore delle foto \u00e8 severamente vietata e potrebbe costituire una violazione ai sensi degli articoli L 335-2 e seguenti del Codice della propriet\u00e0 intellettuale.<\/p>\n<p>I marchi o nomi &#8220;vertigoblue.fr&#8221;, &#8220;Vertigo Blue&#8221;, sono marchi o nomi di dominio appartenenti all&#8217;Editore.<\/p>\n<p>Qualsiasi rappresentazione e\/o riproduzione e\/o sfruttamento parziale o totale di questi marchi, di qualsiasi natura, \u00e8 totalmente vietata. Nessuna riproduzione, anche parziale, come previsto dall&#8217;articolo L.122-5 del Codice della Propriet\u00e0 Intellettuale, pu\u00f2 essere effettuata su questo sito senza l&#8217;autorizzazione dei titolari dei diritti. La riproduzione delle pagine di questo sito \u00e8 autorizzata a condizione che sia citata la fonte. Non possono essere utilizzati per scopi commerciali o pubblicitari.<\/p>\n<p>Le fotografie di questo sito provengono dalle seguenti fonti:<\/p>\n<p>&#8211; Sarah Marquina<br \/>&#8211; Andrea Zecca<br \/>&#8211; Sofia Avila<\/p>\n<p>&#8211; Agenzia Pixabay : https:\/\/pixabay.com\/fr\/<\/p>\n<p>PROTEZIONE DEI DATI PERSONALI<\/p>\n<p>La consultazione del sito web vertigoblue.fr e di voile-escalade.com, voile &amp; escalade en M\u00e9diterran\u00e9e, \u00e8 possibile senza dover rivelare la vostra identit\u00e0 o altri dati personali che vi riguardano.<\/p>\n<p>Per quanto riguarda le informazioni di carattere personale che vi saranno comunicate, godete di un diritto di accesso, modifica, rettifica e\/o cancellazione in conformit\u00e0 alla legge relativa alla tutela delle persone fisiche con riguardo al trattamento dei dati personali n\u00b02004-801 del 6 agosto 2004.<br \/>Per esercitare questo diritto, si prega di inviare un messaggio all&#8217;indirizzo e-mail sopra indicato.<\/p>\n<p>In ogni caso, le informazioni contenute in questo sito sono di carattere generale e informativo e non hanno valore contrattuale.<\/p>\n<p>COOKIES<\/p>\n<p>Un cookie \u00e8 un piccolo file di testo inviato da un sito web al vostro browser e memorizzato sul vostro computer. Viene utilizzato per registrare i dati relativi alla navigazione del vostro computer sul nostro sito (che viene memorizzato a tempo indeterminato sul vostro computer) e per offrirvi informazioni personalizzate permettendo al nostro server di identificarvi o di fornirvi una migliore esperienza di navigazione.<\/p>\n<p>Potete visitare il nostro sito disattivando questa opzione nel vostro browser o configurando il vostro computer come segue: Strumenti, poi Opzioni Internet, poi Opzioni Internet, poi Privacy, poi Avanzato, poi Cookie interno &#8211; rifiutare (a seconda del browser)<\/p>\n<p>LEGGE APPLICABILE E GIURISDIZIONE<\/p>\n<p>I siti www.vertigoblue.fr e voile-escalade.com e il presente avviso legale sono soggetti al diritto francese e il testo scritto in francese fa fede. La competenza esclusiva \u00e8 attribuita ai tribunali competenti di Montpellier.<\/p>\n<p>&nbsp;<\/p>\n<p>[\/et_pb_text][\/et_pb_column][\/et_pb_row][\/et_pb_section]<\/p>\n","protected":false},"excerpt":{"rendered":"<p>NOTE LEGALI Vertigo Blue &#8211; Vela e arrampicata nel Mediterraneo PREAMBOLO Lo scopo del presente documento \u00e8 quello di definire i termini e le condizioni in base alle quali, da un lato, Vertigo Blue, di seguito denominato il PUBBLICATORE, mette a disposizione dei suoi utenti il sito e i servizi disponibili sul sito e, dall&#8217;altro, [&hellip;]<\/p>\n","protected":false},"author":2,"featured_media":0,"parent":0,"menu_order":0,"comment_status":"closed","ping_status":"closed","template":"","meta":{"_et_pb_use_builder":"on","_et_pb_old_content":"","_et_gb_content_width":""},"yoast_head":"<!-- This site is optimized with the Yoast SEO plugin v20.2.1 - https:\/\/yoast.com\/wordpress\/plugins\/seo\/ -->\n<title>Note Legali - Vela e arrampicata in Mediterraneo<\/title>\n<meta name=\"robots\" content=\"index, follow, max-snippet:-1, max-image-preview:large, max-video-preview:-1\" \/>\n<link rel=\"canonical\" href=\"https:\/\/voile-escalade.com\/vertigoblue\/vela-arrampicata\/note-legali\/\" \/>\n<meta property=\"og:locale\" content=\"it_IT\" \/>\n<meta property=\"og:type\" content=\"article\" \/>\n<meta property=\"og:title\" content=\"Note Legali - Vela e arrampicata in Mediterraneo\" \/>\n<meta property=\"og:description\" content=\"NOTE LEGALI Vertigo Blue - Vela e arrampicata nel Mediterraneo PREAMBOLO Lo scopo del presente documento \u00e8 quello di definire i termini e le condizioni in base alle quali, da un lato, Vertigo Blue, di seguito denominato il PUBBLICATORE, mette a disposizione dei suoi utenti il sito e i servizi disponibili sul sito e, dall&#039;altro, [&hellip;]\" \/>\n<meta property=\"og:url\" content=\"https:\/\/voile-escalade.com\/vertigoblue\/vela-arrampicata\/note-legali\/\" \/>\n<meta property=\"og:site_name\" content=\"Vela e arrampicata in Mediterraneo\" \/>\n<meta property=\"article:modified_time\" content=\"2020-05-08T16:12:20+00:00\" \/>\n<meta name=\"twitter:card\" content=\"summary_large_image\" \/>\n<meta name=\"twitter:label1\" content=\"Tempo di lettura stimato\" \/>\n\t<meta name=\"twitter:data1\" content=\"4 minuti\" \/>\n<script type=\"application\/ld+json\" class=\"yoast-schema-graph\">{\"@context\":\"https:\/\/schema.org\",\"@graph\":[{\"@type\":\"WebPage\",\"@id\":\"https:\/\/voile-escalade.com\/vertigoblue\/vela-arrampicata\/note-legali\/\",\"url\":\"https:\/\/voile-escalade.com\/vertigoblue\/vela-arrampicata\/note-legali\/\",\"name\":\"Note Legali - Vela e arrampicata in Mediterraneo\",\"isPartOf\":{\"@id\":\"https:\/\/voile-escalade.com\/vertigoblue\/vela-arrampicata\/#website\"},\"datePublished\":\"2020-05-08T15:50:33+00:00\",\"dateModified\":\"2020-05-08T16:12:20+00:00\",\"breadcrumb\":{\"@id\":\"https:\/\/voile-escalade.com\/vertigoblue\/vela-arrampicata\/note-legali\/#breadcrumb\"},\"inLanguage\":\"it-IT\",\"potentialAction\":[{\"@type\":\"ReadAction\",\"target\":[\"https:\/\/voile-escalade.com\/vertigoblue\/vela-arrampicata\/note-legali\/\"]}]},{\"@type\":\"BreadcrumbList\",\"@id\":\"https:\/\/voile-escalade.com\/vertigoblue\/vela-arrampicata\/note-legali\/#breadcrumb\",\"itemListElement\":[{\"@type\":\"ListItem\",\"position\":1,\"name\":\"Accueil\",\"item\":\"https:\/\/voile-escalade.com\/vertigoblue\/vela-arrampicata\/\"},{\"@type\":\"ListItem\",\"position\":2,\"name\":\"Note Legali\"}]},{\"@type\":\"WebSite\",\"@id\":\"https:\/\/voile-escalade.com\/vertigoblue\/vela-arrampicata\/#website\",\"url\":\"https:\/\/voile-escalade.com\/vertigoblue\/vela-arrampicata\/\",\"name\":\"Vela e arrampicata in Mediterraneo\",\"description\":\"Viaggi sportivi vela e arrampicata\",\"potentialAction\":[{\"@type\":\"SearchAction\",\"target\":{\"@type\":\"EntryPoint\",\"urlTemplate\":\"https:\/\/voile-escalade.com\/vertigoblue\/vela-arrampicata\/?s={search_term_string}\"},\"query-input\":\"required name=search_term_string\"}],\"inLanguage\":\"it-IT\"}]}<\/script>\n<!-- \/ Yoast SEO plugin. -->","yoast_head_json":{"title":"Note Legali - Vela e arrampicata in Mediterraneo","robots":{"index":"index","follow":"follow","max-snippet":"max-snippet:-1","max-image-preview":"max-image-preview:large","max-video-preview":"max-video-preview:-1"},"canonical":"https:\/\/voile-escalade.com\/vertigoblue\/vela-arrampicata\/note-legali\/","og_locale":"it_IT","og_type":"article","og_title":"Note Legali - Vela e arrampicata in Mediterraneo","og_description":"NOTE LEGALI Vertigo Blue - Vela e arrampicata nel Mediterraneo PREAMBOLO Lo scopo del presente documento \u00e8 quello di definire i termini e le condizioni in base alle quali, da un lato, Vertigo Blue, di seguito denominato il PUBBLICATORE, mette a disposizione dei suoi utenti il sito e i servizi disponibili sul sito e, dall'altro, [&hellip;]","og_url":"https:\/\/voile-escalade.com\/vertigoblue\/vela-arrampicata\/note-legali\/","og_site_name":"Vela e arrampicata in Mediterraneo","article_modified_time":"2020-05-08T16:12:20+00:00","twitter_card":"summary_large_image","twitter_misc":{"Tempo di lettura stimato":"4 minuti"},"schema":{"@context":"https:\/\/schema.org","@graph":[{"@type":"WebPage","@id":"https:\/\/voile-escalade.com\/vertigoblue\/vela-arrampicata\/note-legali\/","url":"https:\/\/voile-escalade.com\/vertigoblue\/vela-arrampicata\/note-legali\/","name":"Note Legali - Vela e arrampicata in Mediterraneo","isPartOf":{"@id":"https:\/\/voile-escalade.com\/vertigoblue\/vela-arrampicata\/#website"},"datePublished":"2020-05-08T15:50:33+00:00","dateModified":"2020-05-08T16:12:20+00:00","breadcrumb":{"@id":"https:\/\/voile-escalade.com\/vertigoblue\/vela-arrampicata\/note-legali\/#breadcrumb"},"inLanguage":"it-IT","potentialAction":[{"@type":"ReadAction","target":["https:\/\/voile-escalade.com\/vertigoblue\/vela-arrampicata\/note-legali\/"]}]},{"@type":"BreadcrumbList","@id":"https:\/\/voile-escalade.com\/vertigoblue\/vela-arrampicata\/note-legali\/#breadcrumb","itemListElement":[{"@type":"ListItem","position":1,"name":"Accueil","item":"https:\/\/voile-escalade.com\/vertigoblue\/vela-arrampicata\/"},{"@type":"ListItem","position":2,"name":"Note Legali"}]},{"@type":"WebSite","@id":"https:\/\/voile-escalade.com\/vertigoblue\/vela-arrampicata\/#website","url":"https:\/\/voile-escalade.com\/vertigoblue\/vela-arrampicata\/","name":"Vela e arrampicata in Mediterraneo","description":"Viaggi sportivi vela e arrampicata","potentialAction":[{"@type":"SearchAction","target":{"@type":"EntryPoint","urlTemplate":"https:\/\/voile-escalade.com\/vertigoblue\/vela-arrampicata\/?s={search_term_string}"},"query-input":"required name=search_term_string"}],"inLanguage":"it-IT"}]}},"_links":{"self":[{"href":"https:\/\/voile-escalade.com\/vertigoblue\/vela-arrampicata\/wp-json\/wp\/v2\/pages\/432"}],"collection":[{"href":"https:\/\/voile-escalade.com\/vertigoblue\/vela-arrampicata\/wp-json\/wp\/v2\/pages"}],"about":[{"href":"https:\/\/voile-escalade.com\/vertigoblue\/vela-arrampicata\/wp-json\/wp\/v2\/types\/page"}],"author":[{"embeddable":true,"href":"https:\/\/voile-escalade.com\/vertigoblue\/vela-arrampicata\/wp-json\/wp\/v2\/users\/2"}],"replies":[{"embeddable":true,"href":"https:\/\/voile-escalade.com\/vertigoblue\/vela-arrampicata\/wp-json\/wp\/v2\/comments?post=432"}],"version-history":[{"count":5,"href":"https:\/\/voile-escalade.com\/vertigoblue\/vela-arrampicata\/wp-json\/wp\/v2\/pages\/432\/revisions"}],"predecessor-version":[{"id":440,"href":"https:\/\/voile-escalade.com\/vertigoblue\/vela-arrampicata\/wp-json\/wp\/v2\/pages\/432\/revisions\/440"}],"wp:attachment":[{"href":"https:\/\/voile-escalade.com\/vertigoblue\/vela-arrampicata\/wp-json\/wp\/v2\/media?parent=432"}],"curies":[{"name":"wp","href":"https:\/\/api.w.org\/{rel}","templated":true}]}}